{"id":77,"date":"2021-01-05T12:33:28","date_gmt":"2021-01-05T11:33:28","guid":{"rendered":"http:\/\/www.oratoriogasparebertoni.org\/2021\/?page_id=77"},"modified":"2024-09-18T20:50:57","modified_gmt":"2024-09-18T19:50:57","slug":"comunita","status":"publish","type":"page","link":"https:\/\/www.oratoriogasparebertoni.org\/2021\/comunita\/","title":{"rendered":"Comunit\u00e0 Stimmatina"},"content":{"rendered":"<p>La Parrocchia Santa Croce venne affidata alla Congregazione Sacre Stimmate di Nostro Signore Ges\u00f9 Cristo da san Pio X fin dalla sua erezione nel febbraio 1920.<\/p>\n<p>La comunit\u00e0 religiosa \u00e8 composta da:<\/p>\n<ul>\n<li>Padre Matthieu Silu\u00e9 Abdoulaye, parroco<\/li>\n<li>Padre Lidio Zaupa<\/li>\n<li>Padre Antony Lopez<\/li>\n<li>Fratel Vincenzo Albano<\/li>\n<li>Don Fabrizio Infusino<\/li>\n<\/ul>\n<hr \/>\n<p><strong>La Congregazione degli Stimmatini<\/strong><\/p>\n<p><img decoding=\"async\" class=\"size-full wp-image-551 alignright lazyload\" data-src=\"https:\/\/www.oratoriogasparebertoni.org\/2021\/wp-content\/uploads\/2021\/03\/stimmatini.jpg\" alt=\"\" width=\"244\" height=\"292\" src=\"data:image\/svg+xml;base64,PHN2ZyB3aWR0aD0iMSIgaGVpZ2h0PSIxIiB4bWxucz0iaHR0cDovL3d3dy53My5vcmcvMjAwMC9zdmciPjwvc3ZnPg==\" style=\"--smush-placeholder-width: 244px; --smush-placeholder-aspect-ratio: 244\/292;\" \/>La Congregazione delle Sacre Stimmate di Nostro Signor Ges\u00f9 Cristo, comunemente chiamata dei Padri Stimmatini, \u00e8 una famiglia religiosa di confratelli (sacerdoti e non) di vita apostolica.<\/p>\n<p>Lo stemma, qui accanto rappresentato, indica sinteticamente la realt\u00e0 e lo spirito della Congregazione. Le cinque stelle in campo blu (la fede in Dio) rappresentano le stimmate di Cristo, da cui la Congregazione trae il nome a sottolineare la donazione completa di Cristo per l&#8217;umanit\u00e0. Sotto vi sono due gigli a rappresentare i Santi Sposi Giuseppe e Maria, Patroni degli Stimmatini.<\/p>\n<p>L&#8217;espressione latina &#8220;Euntes docete&#8221;, che Ges\u00f9 ha rivolto agli Apostoli (&#8220;Andate e predicate&#8221;, cfr. Mt 28, 19) riassume il motto &#8220;Euntes, docete in diocesi et mundo&#8221; che San Gaspare Bertoni ha consegnato ai suoi figli perch\u00e9 fossero &#8220;Missionari Apostolici&#8221; nella loro patria e in tutto il mondo in stretta collaborazione con i vescovi.<\/p>\n","protected":false},"excerpt":{"rendered":"<p>La Parrocchia Santa Croce venne affidata alla Congregazione Sacre Stimmate di Nostro Signore Ges\u00f9 Cristo da san Pio X fin dalla sua erezione nel febbraio 1920. La comunit\u00e0 religiosa \u00e8 <a href=\"https:\/\/www.oratoriogasparebertoni.org\/2021\/comunita\/\" class=\"more-link\">[&hellip;]<\/a><\/p>\n","protected":false},"author":1,"featured_media":0,"parent":0,"menu_order":0,"comment_status":"closed","ping_status":"closed","template":"","meta":{"Layout":"","footnotes":""},"class_list":["entry","author-admin","post-77","page","type-page","status-publish"],"rttpg_featured_image_url":null,"rttpg_author":{"display_name":"Matteo","author_link":"https:\/\/www.oratoriogasparebertoni.org\/2021\/author\/admin\/"},"rttpg_comment":0,"rttpg_category":null,"rttpg_excerpt":"La Parrocchia Santa Croce venne affidata alla Congregazione Sacre Stimmate di Nostro Signore Ges\u00f9 Cristo da san Pio X fin dalla sua erezione nel febbraio 1920. La comunit\u00e0 religiosa \u00e8 [&hellip;]","_links":{"self":[{"href":"https:\/\/www.oratoriogasparebertoni.org\/2021\/wp-json\/wp\/v2\/pages\/77","targetHints":{"allow":["GET"]}}],"collection":[{"href":"https:\/\/www.oratoriogasparebertoni.org\/2021\/wp-json\/wp\/v2\/pages"}],"about":[{"href":"https:\/\/www.oratoriogasparebertoni.org\/2021\/wp-json\/wp\/v2\/types\/page"}],"author":[{"embeddable":true,"href":"https:\/\/www.oratoriogasparebertoni.org\/2021\/wp-json\/wp\/v2\/users\/1"}],"replies":[{"embeddable":true,"href":"https:\/\/www.oratoriogasparebertoni.org\/2021\/wp-json\/wp\/v2\/comments?post=77"}],"version-history":[{"count":15,"href":"https:\/\/www.oratoriogasparebertoni.org\/2021\/wp-json\/wp\/v2\/pages\/77\/revisions"}],"predecessor-version":[{"id":4400,"href":"https:\/\/www.oratoriogasparebertoni.org\/2021\/wp-json\/wp\/v2\/pages\/77\/revisions\/4400"}],"wp:attachment":[{"href":"https:\/\/www.oratoriogasparebertoni.org\/2021\/wp-json\/wp\/v2\/media?parent=77"}],"curies":[{"name":"wp","href":"https:\/\/api.w.org\/{rel}","templated":true}]}}